{"id":536,"date":"2024-03-25T08:32:36","date_gmt":"2024-03-25T07:32:36","guid":{"rendered":"http:\/\/mbfclde.cluster023.hosting.ovh.net\/?page_id=536"},"modified":"2024-06-29T07:54:46","modified_gmt":"2024-06-29T05:54:46","slug":"offer","status":"publish","type":"page","link":"https:\/\/halen.pl\/en\/offer\/","title":{"rendered":"Offer"},"content":{"rendered":"\n<div class=\"wp-block-group m-xl is-layout-flow wp-block-group-is-layout-flow\">\n<h2 class=\"wp-block-heading\">Check our offer<\/h2>\n\n\n\n<div class=\"wp-block-group offer-boxes is-layout-constrained wp-block-group-is-layout-constrained\">\n<div class=\"wp-block-group offer-box is-layout-flow wp-block-group-is-layout-flow\">\n<figure class=\"wp-block-image size-full\"><img loading=\"lazy\" decoding=\"async\" width=\"40\" height=\"40\" src=\"https:\/\/halen.pl\/wp-content\/uploads\/2024\/03\/icon-1.svg\" alt=\"\" class=\"wp-image-56\"\/><\/figure>\n\n\n\n<h3 class=\"wp-block-heading\">Tools and Accessories<\/h3>\n\n\n\n<p>Grupa towar\u00f3w o zastosowaniu przemys\u0142owym poprawiaj\u0105cych jako\u015b\u0107 i wydajno\u015b\u0107 pracy. W naszej ofercie znajdziecie Pa\u0144stwo wiele narz\u0119dzi b\u0119d\u0105cych niezb\u0119dnymi elementami wyposa\u017cenia zak\u0142ad\u00f3w krawieckich.<\/p>\n\n\n\n<p class=\"offer-box__link\"><a href=\"https:\/\/halen.pl\/en\/offer\/tools-and-accessories\/\" data-type=\"page\" data-id=\"801\">View more<\/a><\/p>\n<\/div>\n\n\n\n<div class=\"wp-block-group offer-box is-layout-flow wp-block-group-is-layout-flow\">\n<figure class=\"wp-block-image size-full\"><img loading=\"lazy\" decoding=\"async\" width=\"40\" height=\"40\" src=\"https:\/\/halen.pl\/wp-content\/uploads\/2024\/03\/icon-2.svg\" alt=\"\" class=\"wp-image-78\"\/><\/figure>\n\n\n\n<h3 class=\"wp-block-heading\">Zippers<\/h3>\n\n\n\n<p>Odkryj nasz\u0105 unikaln\u0105 ofert\u0119: ponad 3000 rodzaj\u00f3w zamk\u00f3w b\u0142yskawicznych z zapasem ponad 300 000 sztuk. Specjalizujemy si\u0119 w dostarczaniu produkt\u00f3w od wiod\u0105cych producent\u00f3w. Twoja szansa na wyj\u0105tkowe zlecenia!<\/p>\n\n\n\n<p class=\"offer-box__link\"><a href=\"https:\/\/halen.pl\/en\/offer\/zippers\/\" data-type=\"page\" data-id=\"809\">View more<\/a><\/p>\n<\/div>\n\n\n\n<div class=\"wp-block-group offer-box offer-box--extended is-layout-flow wp-block-group-is-layout-flow\">\n<div class=\"wp-block-columns is-layout-flex wp-container-core-columns-is-layout-28f84493 wp-block-columns-is-layout-flex\">\n<div class=\"wp-block-column is-layout-flow wp-block-column-is-layout-flow\">\n<figure class=\"wp-block-image size-full\"><img loading=\"lazy\" decoding=\"async\" width=\"612\" height=\"832\" src=\"https:\/\/halen.pl\/wp-content\/uploads\/2024\/03\/ekspozycja-odziezy.jpeg\" alt=\"\" class=\"wp-image-84\" srcset=\"https:\/\/halen.pl\/wp-content\/uploads\/2024\/03\/ekspozycja-odziezy.jpeg 612w, https:\/\/halen.pl\/wp-content\/uploads\/2024\/03\/ekspozycja-odziezy-221x300.jpeg 221w\" sizes=\"auto, (max-width: 612px) 100vw, 612px\" \/><\/figure>\n<\/div>\n\n\n\n<div class=\"wp-block-column offer-box--extended-text is-layout-flow wp-block-column-is-layout-flow\">\n<div class=\"wp-block-group is-layout-flow wp-block-group-is-layout-flow\">\n<h3 class=\"wp-block-heading\">Tapes<\/h3>\n\n\n\n<p>Zapraszamy do zapoznania si\u0119 z nasz\u0105 kolekcj\u0105 ta\u015bm bawe\u0142nianych i poliestrowych, dost\u0119pnych w szerokim spektrum splot\u00f3w, g\u0119sto\u015bci, wymiar\u00f3w oraz palety kolorystycznej. Nasze produkty s\u0105 doskona\u0142ym wyborem.<\/p>\n\n\n\n<p class=\"offer-box__link\"><a href=\"https:\/\/halen.pl\/en\/offer\/tapes\/\" data-type=\"page\" data-id=\"807\">View more<\/a><\/p>\n<\/div>\n<\/div>\n<\/div>\n<\/div>\n\n\n\n<div class=\"wp-block-group offer-box offer-box--extended offer-box--extended-right is-layout-flow wp-block-group-is-layout-flow\">\n<div class=\"wp-block-columns is-layout-flex wp-container-core-columns-is-layout-28f84493 wp-block-columns-is-layout-flex\">\n<div class=\"wp-block-column is-vertically-aligned-top offer-box--extended-text is-layout-flow wp-block-column-is-layout-flow\">\n<div class=\"wp-block-group is-layout-flow wp-block-group-is-layout-flow\">\n<h3 class=\"wp-block-heading\">Sewing Threads<\/h3>\n\n\n\n<p>Z przyjemno\u015bci\u0105 prezentujemy nasz\u0105 ofert\u0119 nici do szycia, sk\u0142adaj\u0105c\u0105 si\u0119 z ponad 20 000 sztuk dost\u0119pnych w szerokiej gamie ponad 500 kolor\u00f3w. Nasz asortyment obejmuje r\u00f3\u017cnorodne grubo\u015bci, d\u0142ugo\u015bci nawoj\u00f3w.<\/p>\n\n\n\n<p class=\"offer-box__link\"><a href=\"https:\/\/halen.pl\/en\/offer\/sewing-threads\/\" data-type=\"page\" data-id=\"803\">View more<\/a><\/p>\n<\/div>\n<\/div>\n\n\n\n<div class=\"wp-block-column is-layout-flow wp-block-column-is-layout-flow\">\n<figure class=\"wp-block-image size-full\"><img loading=\"lazy\" decoding=\"async\" width=\"616\" height=\"832\" src=\"https:\/\/halen.pl\/wp-content\/uploads\/2024\/03\/szycie.jpg\" alt=\"\" class=\"wp-image-99\" srcset=\"https:\/\/halen.pl\/wp-content\/uploads\/2024\/03\/szycie.jpg 616w, https:\/\/halen.pl\/wp-content\/uploads\/2024\/03\/szycie-222x300.jpg 222w\" sizes=\"auto, (max-width: 616px) 100vw, 616px\" \/><\/figure>\n<\/div>\n<\/div>\n<\/div>\n\n\n\n<div class=\"wp-block-group offer-box is-layout-flow wp-block-group-is-layout-flow\">\n<figure class=\"wp-block-image size-full\"><img loading=\"lazy\" decoding=\"async\" width=\"40\" height=\"40\" src=\"https:\/\/halen.pl\/wp-content\/uploads\/2024\/03\/icon-3.svg\" alt=\"\" class=\"wp-image-100\"\/><\/figure>\n\n\n\n<h3 class=\"wp-block-heading\">Velcro<\/h3>\n\n\n\n<p>Nasze rzepy odzie\u017cowe dost\u0119pne s\u0105 w r\u00f3\u017cnych szeroko\u015bciach, jako\u015bciach i kolorach, zapewniaj\u0105c wszechstronne zastosowanie. Zapewniamy du\u017ce ilo\u015bci w cenach importer\u00f3w, idealne dla ka\u017cdego projektu.<\/p>\n\n\n\n<p class=\"offer-box__link\"><a href=\"https:\/\/halen.pl\/en\/offer\/velcro\/\" data-type=\"page\" data-id=\"805\">View more<\/a><\/p>\n<\/div>\n\n\n\n<div class=\"wp-block-group offer-box is-layout-flow wp-block-group-is-layout-flow\">\n<figure class=\"wp-block-image size-full\"><img loading=\"lazy\" decoding=\"async\" width=\"40\" height=\"40\" src=\"https:\/\/halen.pl\/wp-content\/uploads\/2024\/03\/icon-4.svg\" alt=\"\" class=\"wp-image-101\"\/><\/figure>\n\n\n\n<h3 class=\"wp-block-heading\">Elastic Bands<\/h3>\n\n\n\n<p>Nasz asortyment gum odzie\u017cowych to szeroki wyb\u00f3r gum p\u0142askich i okr\u0105g\u0142ych, dost\u0119pnych w r\u00f3\u017cnorodnych szeroko\u015bciach i kolorach. Oferujemy produkty takie jak Oferujemy produkty takie jak gumy dziane, tkane i plecione.<\/p>\n\n\n\n<p class=\"offer-box__link\"><a href=\"https:\/\/halen.pl\/en\/offer\/elastic-bands\/\" data-type=\"page\" data-id=\"797\">View more<\/a><\/p>\n<\/div>\n<\/div>\n<\/div>\n\n\n\n<div class=\"wp-block-group alignfull mb-0 is-layout-flow wp-block-group-is-layout-flow\">\n<div class=\"wp-block-group alignfull mb-0 is-layout-constrained wp-block-group-is-layout-constrained\">\n<div class=\"wp-block-cover alignfull has-parallax p-m mb-0\" style=\"min-height:100px;aspect-ratio:unset;\"><span aria-hidden=\"true\" class=\"wp-block-cover__background has-palette-color-1-background-color has-background-dim-90 has-background-dim\"><\/span><div class=\"wp-block-cover__image-background wp-image-88 has-parallax\" style=\"background-position:50% 50%;background-image:url(https:\/\/halen.pl\/wp-content\/uploads\/2024\/03\/bg1.jpeg)\"><\/div><div class=\"wp-block-cover__inner-container is-layout-flow wp-block-cover-is-layout-flow\">\n<h2 class=\"wp-block-heading has-text-align-center has-palette-color-6-color has-text-color has-link-color has-large-font-size wp-elements-b543869ae25afe3f10dae1e8e54fda5b\">Find products for yourself.<\/h2>\n\n\n\n<p class=\"has-text-align-center\">We offer a wide range of products and materials for the sewing and furniture industry.<\/p>\n\n\n\n<div class=\"wp-block-group is-layout-flow wp-block-group-is-layout-flow\">\n<div class=\"wp-block-buttons is-content-justification-center is-layout-flex wp-container-core-buttons-is-layout-a89b3969 wp-block-buttons-is-layout-flex\">\n<div class=\"wp-block-button is-style-outline button--white is-style-outline--1\"><a class=\"wp-block-button__link wp-element-button\" href=\"https:\/\/www.e-krawiectwo.pl\/\" target=\"_blank\" rel=\"noopener\">Go To THE STORE<\/a><\/div>\n<\/div>\n<\/div>\n<\/div><\/div>\n<\/div>\n<\/div>\n\n\n\n<div class=\"wp-block-group m-xl is-layout-flow wp-block-group-is-layout-flow\">\n<div class=\"wp-block-group offer-boxes offer-boxes--two-columns is-layout-constrained wp-block-group-is-layout-constrained\">\n<div class=\"wp-block-group offer-box offer-box--extended offer-box--extended-right is-layout-flow wp-block-group-is-layout-flow\">\n<div class=\"wp-block-columns is-layout-flex wp-container-core-columns-is-layout-28f84493 wp-block-columns-is-layout-flex\">\n<div class=\"wp-block-column is-vertically-aligned-top offer-box--extended-text is-layout-flow wp-block-column-is-layout-flow\">\n<div class=\"wp-block-group is-layout-flow wp-block-group-is-layout-flow\">\n<h3 class=\"wp-block-heading\">Cordons<\/h3>\n\n\n\n<p>Cordonkas are high-quality yarns, used mainly in handicraft and embroidery. We offer a wide selection of cords in various colors and thicknesses, perfect for any hobby project.<\/p>\n\n\n\n<p class=\"offer-box__link\"><a href=\"https:\/\/halen.pl\/en\/offer\/cordons\/\" data-type=\"page\" data-id=\"799\">View More<\/a><\/p>\n<\/div>\n<\/div>\n\n\n\n<div class=\"wp-block-column is-layout-flow wp-block-column-is-layout-flow\">\n<figure class=\"wp-block-image size-full\"><img loading=\"lazy\" decoding=\"async\" width=\"1536\" height=\"2075\" src=\"https:\/\/halen.pl\/wp-content\/uploads\/2024\/04\/bielizniarskie.jpg\" alt=\"\" class=\"wp-image-519\" srcset=\"https:\/\/halen.pl\/wp-content\/uploads\/2024\/04\/bielizniarskie.jpg 1536w, https:\/\/halen.pl\/wp-content\/uploads\/2024\/04\/bielizniarskie-222x300.jpg 222w, https:\/\/halen.pl\/wp-content\/uploads\/2024\/04\/bielizniarskie-758x1024.jpg 758w, https:\/\/halen.pl\/wp-content\/uploads\/2024\/04\/bielizniarskie-768x1038.jpg 768w, https:\/\/halen.pl\/wp-content\/uploads\/2024\/04\/bielizniarskie-1137x1536.jpg 1137w, https:\/\/halen.pl\/wp-content\/uploads\/2024\/04\/bielizniarskie-1516x2048.jpg 1516w\" sizes=\"auto, (max-width: 1536px) 100vw, 1536px\" \/><\/figure>\n<\/div>\n<\/div>\n<\/div>\n\n\n\n<div class=\"wp-block-group offer-box offer-box--extended is-layout-flow wp-block-group-is-layout-flow\">\n<div class=\"wp-block-columns is-layout-flex wp-container-core-columns-is-layout-28f84493 wp-block-columns-is-layout-flex\">\n<div class=\"wp-block-column is-layout-flow wp-block-column-is-layout-flow\">\n<figure class=\"wp-block-image size-full\"><img loading=\"lazy\" decoding=\"async\" width=\"1536\" height=\"2089\" src=\"https:\/\/halen.pl\/wp-content\/uploads\/2024\/04\/pozostale.jpg\" alt=\"\" class=\"wp-image-521\" srcset=\"https:\/\/halen.pl\/wp-content\/uploads\/2024\/04\/pozostale.jpg 1536w, https:\/\/halen.pl\/wp-content\/uploads\/2024\/04\/pozostale-221x300.jpg 221w, https:\/\/halen.pl\/wp-content\/uploads\/2024\/04\/pozostale-753x1024.jpg 753w, https:\/\/halen.pl\/wp-content\/uploads\/2024\/04\/pozostale-768x1045.jpg 768w, https:\/\/halen.pl\/wp-content\/uploads\/2024\/04\/pozostale-1129x1536.jpg 1129w, https:\/\/halen.pl\/wp-content\/uploads\/2024\/04\/pozostale-1506x2048.jpg 1506w\" sizes=\"auto, (max-width: 1536px) 100vw, 1536px\" \/><\/figure>\n<\/div>\n\n\n\n<div class=\"wp-block-column offer-box--extended-text is-layout-flow wp-block-column-is-layout-flow\">\n<div class=\"wp-block-group is-layout-flow wp-block-group-is-layout-flow\">\n<h3 class=\"wp-block-heading\">Remaining assortment<\/h3>\n\n\n\n<ul class=\"list-style--1 wp-block-list\">\n<li>Strings<\/li>\n\n\n\n<li>Yarns<\/li>\n\n\n\n<li>Curtain tapes<\/li>\n\n\n\n<li>Importance of packing clothes<\/li>\n\n\n\n<li>Styrofoam products<\/li>\n\n\n\n<li>Clothing decoration<\/li>\n\n\n\n<li>Foil bags<\/li>\n<\/ul>\n<\/div>\n<\/div>\n<\/div>\n<\/div>\n<\/div>\n<\/div>\n\n\n\n<div class=\"wp-block-group alignfull mb-0 is-layout-constrained wp-block-group-is-layout-constrained\">\n<div class=\"wp-block-cover alignfull p-m mb-0\" style=\"min-height:100px;aspect-ratio:unset;\"><span aria-hidden=\"true\" class=\"wp-block-cover__background has-palette-color-2-background-color has-background-dim-90 has-background-dim\"><\/span><img loading=\"lazy\" decoding=\"async\" width=\"1920\" height=\"800\" class=\"wp-block-cover__image-background wp-image-390\" alt=\"\" src=\"https:\/\/halen.pl\/wp-content\/uploads\/2024\/04\/bg-2.jpg\" data-object-fit=\"cover\" srcset=\"https:\/\/halen.pl\/wp-content\/uploads\/2024\/04\/bg-2.jpg 1920w, https:\/\/halen.pl\/wp-content\/uploads\/2024\/04\/bg-2-300x125.jpg 300w, https:\/\/halen.pl\/wp-content\/uploads\/2024\/04\/bg-2-1024x427.jpg 1024w, https:\/\/halen.pl\/wp-content\/uploads\/2024\/04\/bg-2-768x320.jpg 768w, https:\/\/halen.pl\/wp-content\/uploads\/2024\/04\/bg-2-1536x640.jpg 1536w\" sizes=\"auto, (max-width: 1920px) 100vw, 1920px\" \/><div class=\"wp-block-cover__inner-container is-layout-flow wp-block-cover-is-layout-flow\">\n<h2 class=\"wp-block-heading has-text-align-center headline--dark has-palette-color-4-color has-text-color has-link-color has-large-font-size wp-elements-50bbaada028d7720a43a00f947e80e36\">You didn&#8217;t find what you were looking for<\/h2>\n\n\n\n<p class=\"has-text-align-center has-palette-color-4-color has-text-color has-link-color wp-elements-b209d5ae2cf137b45df1f6f4806e167d\">Get in touch with us. We will solve your problem together.<\/p>\n\n\n\n<div class=\"wp-block-group is-layout-flow wp-block-group-is-layout-flow\">\n<div class=\"wp-block-buttons is-content-justification-center is-layout-flex wp-container-core-buttons-is-layout-a89b3969 wp-block-buttons-is-layout-flex\">\n<div class=\"wp-block-button is-style-outline button--dark is-style-outline--2\"><a class=\"wp-block-button__link wp-element-button\" href=\"https:\/\/halen.pl\/en\/contact\/\">Contact us<\/a><\/div>\n<\/div>\n<\/div>\n<\/div><\/div>\n<\/div>\n","protected":false},"excerpt":{"rendered":"<p>Check our offer Tools and Accessories Grupa towar\u00f3w o zastosowaniu przemys\u0142owym poprawiaj\u0105cych jako\u015b\u0107 i wydajno\u015b\u0107 pracy. W naszej ofercie znajdziecie Pa\u0144stwo wiele narz\u0119dzi b\u0119d\u0105cych niezb\u0119dnymi elementami wyposa\u017cenia zak\u0142ad\u00f3w krawieckich. View more Zippers Odkryj nasz\u0105 unikaln\u0105 ofert\u0119: ponad 3000 rodzaj\u00f3w zamk\u00f3w b\u0142yskawicznych z zapasem ponad 300 000 sztuk. Specjalizujemy si\u0119 w dostarczaniu produkt\u00f3w od wiod\u0105cych producent\u00f3w. [&hellip;]<\/p>\n","protected":false},"author":1,"featured_media":0,"parent":0,"menu_order":0,"comment_status":"closed","ping_status":"closed","template":"","meta":{"_acf_changed":false,"footnotes":""},"class_list":["post-536","page","type-page","status-publish","hentry"],"blocksy_meta":{"vertical_spacing_source":"custom","content_area_spacing":"none","styles_descriptor":{"styles":{"desktop":"","tablet":"","mobile":""},"google_fonts":[],"version":6}},"acf":[],"_links":{"self":[{"href":"https:\/\/halen.pl\/en\/wp-json\/wp\/v2\/pages\/536","targetHints":{"allow":["GET"]}}],"collection":[{"href":"https:\/\/halen.pl\/en\/wp-json\/wp\/v2\/pages"}],"about":[{"href":"https:\/\/halen.pl\/en\/wp-json\/wp\/v2\/types\/page"}],"author":[{"embeddable":true,"href":"https:\/\/halen.pl\/en\/wp-json\/wp\/v2\/users\/1"}],"replies":[{"embeddable":true,"href":"https:\/\/halen.pl\/en\/wp-json\/wp\/v2\/comments?post=536"}],"version-history":[{"count":6,"href":"https:\/\/halen.pl\/en\/wp-json\/wp\/v2\/pages\/536\/revisions"}],"predecessor-version":[{"id":829,"href":"https:\/\/halen.pl\/en\/wp-json\/wp\/v2\/pages\/536\/revisions\/829"}],"wp:attachment":[{"href":"https:\/\/halen.pl\/en\/wp-json\/wp\/v2\/media?parent=536"}],"curies":[{"name":"wp","href":"https:\/\/api.w.org\/{rel}","templated":true}]}}